{"id":65,"date":"2016-04-15T13:26:49","date_gmt":"2016-04-15T13:26:49","guid":{"rendered":"http:\/\/delfino.devlinkb.com.ar\/?page_id=65"},"modified":"2017-09-04T09:40:10","modified_gmt":"2017-09-04T09:40:10","slug":"nuestra-empresa","status":"publish","type":"page","link":"https:\/\/ovh.delfinoglobal.com\/en\/nuestra-empresa\/","title":{"rendered":"Our Company"},"content":{"rendered":"<p>Our team combines the expertise of professionals with extensive background and experience in the field of foreign trade, operating with a talented young, dynamic and constantly trained staff. We proudly highlight our human capital as one of our main assets that enables us to deliver outstanding logistics services in multiple industries.<\/p>\n","protected":false},"excerpt":{"rendered":"<p>Our staff gather a great know-how and a vast experience in the field of international trade, along with a creative and innovative profile.<\/p>\n","protected":false},"author":1,"featured_media":0,"parent":0,"menu_order":0,"comment_status":"closed","ping_status":"closed","template":"","meta":{"footnotes":""},"class_list":["post-65","page","type-page","status-publish","hentry"],"translation":{"provider":"WPGlobus","version":"3.0.0","language":"en","enabled_languages":["es","en","pt"],"languages":{"es":{"title":true,"content":true,"excerpt":true},"en":{"title":true,"content":true,"excerpt":true},"pt":{"title":true,"content":true,"excerpt":true}}},"aioseo_notices":[],"yoast_head":"<!-- This site is optimized with the Yoast SEO plugin v25.9 - https:\/\/yoast.com\/wordpress\/plugins\/seo\/ -->\n<title>Conoce Delfino Global: Desde 1838 brindando el mejor servicio al comercio exterior.<\/title>\n<meta name=\"robots\" content=\"index, follow, max-snippet:-1, max-image-preview:large, max-video-preview:-1\" \/>\n<link rel=\"canonical\" href=\"https:\/\/delfinoglobal.com\/nuestra-empresa\/\" \/>\n<meta property=\"og:locale\" content=\"en_US\" \/>\n<meta property=\"og:type\" content=\"article\" \/>\n<meta property=\"og:title\" content=\"Our Company - Delfino Global\" \/>\n<meta property=\"og:url\" content=\"https:\/\/delfinoglobal.com\/nuestra-empresa\/\" \/>\n<meta property=\"og:site_name\" content=\"Delfino Global\" \/>\n<meta property=\"article:modified_time\" content=\"2017-09-04T09:40:10+00:00\" \/>\n<meta name=\"twitter:card\" content=\"summary_large_image\" \/>\n<meta name=\"twitter:label1\" content=\"Est. reading time\" \/>\n\t<meta name=\"twitter:data1\" content=\"1 minute\" \/>\n<script type=\"application\/ld+json\" class=\"yoast-schema-graph\">{\"@context\":\"https:\/\/schema.org\",\"@graph\":[{\"@type\":\"WebPage\",\"@id\":\"https:\/\/delfinoglobal.com\/nuestra-empresa\/\",\"url\":\"https:\/\/delfinoglobal.com\/nuestra-empresa\/\",\"name\":\"Conoce Delfino Global: Desde 1838 brindando el mejor servicio al comercio exterior.\",\"isPartOf\":{\"@id\":\"https:\/\/ovh.delfinoglobal.com\/en\/#website\"},\"datePublished\":\"2016-04-15T13:26:49+00:00\",\"dateModified\":\"2017-09-04T09:40:10+00:00\",\"description\":\"Conoc\u00e9 m\u00e1s sobre Delfino, la empresa que hace m\u00e1s de 180 a\u00f1os brinda soluciones y servicios de log\u00edstica para importadores y exportadores.\",\"breadcrumb\":{\"@id\":\"https:\/\/delfinoglobal.com\/nuestra-empresa\/#breadcrumb\"},\"inLanguage\":\"en-US\",\"potentialAction\":[{\"@type\":\"ReadAction\",\"target\":[\"https:\/\/delfinoglobal.com\/nuestra-empresa\/\"]}]},{\"@type\":\"BreadcrumbList\",\"@id\":\"https:\/\/delfinoglobal.com\/nuestra-empresa\/#breadcrumb\",\"itemListElement\":[{\"@type\":\"ListItem\",\"position\":1,\"name\":\"Home\",\"item\":\"https:\/\/ovh.delfinoglobal.com\/en\/\"},{\"@type\":\"ListItem\",\"position\":2,\"name\":\"Nuestra Empresa\"}]},{\"@type\":\"WebSite\",\"@id\":\"https:\/\/ovh.delfinoglobal.com\/en\/#website\",\"url\":\"https:\/\/ovh.delfinoglobal.com\/en\/\",\"name\":\"Delfino Global\",\"description\":\"\",\"potentialAction\":[{\"@type\":\"SearchAction\",\"target\":{\"@type\":\"EntryPoint\",\"urlTemplate\":\"https:\/\/ovh.delfinoglobal.com\/en\/?s={search_term_string}\"},\"query-input\":{\"@type\":\"PropertyValueSpecification\",\"valueRequired\":true,\"valueName\":\"search_term_string\"}}],\"inLanguage\":\"en-US\"}]}<\/script>\n<!-- \/ Yoast SEO plugin. -->","yoast_head_json":{"title":"Conoce Delfino Global: Desde 1838 brindando el mejor servicio al comercio exterior.","robots":{"index":"index","follow":"follow","max-snippet":"max-snippet:-1","max-image-preview":"max-image-preview:large","max-video-preview":"max-video-preview:-1"},"canonical":"https:\/\/delfinoglobal.com\/nuestra-empresa\/","og_locale":"en_US","og_type":"article","og_title":"Our Company - Delfino Global","og_url":"https:\/\/delfinoglobal.com\/nuestra-empresa\/","og_site_name":"Delfino Global","article_modified_time":"2017-09-04T09:40:10+00:00","twitter_card":"summary_large_image","twitter_misc":{"Est. reading time":"1 minute"},"schema":{"@context":"https:\/\/schema.org","@graph":[{"@type":"WebPage","@id":"https:\/\/delfinoglobal.com\/nuestra-empresa\/","url":"https:\/\/delfinoglobal.com\/nuestra-empresa\/","name":"Conoce Delfino Global: Desde 1838 brindando el mejor servicio al comercio exterior.","isPartOf":{"@id":"https:\/\/ovh.delfinoglobal.com\/en\/#website"},"datePublished":"2016-04-15T13:26:49+00:00","dateModified":"2017-09-04T09:40:10+00:00","description":"Conoc\u00e9 m\u00e1s sobre Delfino, la empresa que hace m\u00e1s de 180 a\u00f1os brinda soluciones y servicios de log\u00edstica para importadores y exportadores.","breadcrumb":{"@id":"https:\/\/delfinoglobal.com\/nuestra-empresa\/#breadcrumb"},"inLanguage":"en-US","potentialAction":[{"@type":"ReadAction","target":["https:\/\/delfinoglobal.com\/nuestra-empresa\/"]}]},{"@type":"BreadcrumbList","@id":"https:\/\/delfinoglobal.com\/nuestra-empresa\/#breadcrumb","itemListElement":[{"@type":"ListItem","position":1,"name":"Home","item":"https:\/\/ovh.delfinoglobal.com\/en\/"},{"@type":"ListItem","position":2,"name":"Nuestra Empresa"}]},{"@type":"WebSite","@id":"https:\/\/ovh.delfinoglobal.com\/en\/#website","url":"https:\/\/ovh.delfinoglobal.com\/en\/","name":"Delfino Global","description":"","potentialAction":[{"@type":"SearchAction","target":{"@type":"EntryPoint","urlTemplate":"https:\/\/ovh.delfinoglobal.com\/en\/?s={search_term_string}"},"query-input":{"@type":"PropertyValueSpecification","valueRequired":true,"valueName":"search_term_string"}}],"inLanguage":"en-US"}]}},"_links":{"self":[{"href":"https:\/\/ovh.delfinoglobal.com\/en\/wp-json\/wp\/v2\/pages\/65","targetHints":{"allow":["GET"]}}],"collection":[{"href":"https:\/\/ovh.delfinoglobal.com\/en\/wp-json\/wp\/v2\/pages"}],"about":[{"href":"https:\/\/ovh.delfinoglobal.com\/en\/wp-json\/wp\/v2\/types\/page"}],"author":[{"embeddable":true,"href":"https:\/\/ovh.delfinoglobal.com\/en\/wp-json\/wp\/v2\/users\/1"}],"replies":[{"embeddable":true,"href":"https:\/\/ovh.delfinoglobal.com\/en\/wp-json\/wp\/v2\/comments?post=65"}],"version-history":[{"count":14,"href":"https:\/\/ovh.delfinoglobal.com\/en\/wp-json\/wp\/v2\/pages\/65\/revisions"}],"predecessor-version":[{"id":2212,"href":"https:\/\/ovh.delfinoglobal.com\/en\/wp-json\/wp\/v2\/pages\/65\/revisions\/2212"}],"wp:attachment":[{"href":"https:\/\/ovh.delfinoglobal.com\/en\/wp-json\/wp\/v2\/media?parent=65"}],"curies":[{"name":"wp","href":"https:\/\/api.w.org\/{rel}","templated":true}]}}